{"id":11,"date":"2015-02-10T19:21:34","date_gmt":"2015-02-10T19:21:34","guid":{"rendered":"https:\/\/avada.theme-fusion.com_demos\/architecture\/?page_id=11"},"modified":"2025-08-12T22:47:10","modified_gmt":"2025-08-12T20:47:10","slug":"aktuelles","status":"publish","type":"page","link":"https:\/\/architektur-news.de\/index.php\/aktuelles\/","title":{"rendered":"Aktuelles"},"content":{"rendered":"<p><div class=\"fusion-fullwidth fullwidth-box fusion-builder-row-1 fusion-flex-container has-pattern-background has-mask-background nonhundred-percent-fullwidth non-hundred-percent-height-scrolling\" style=\"--awb-border-radius-top-left:0px;--awb-border-radius-top-right:0px;--awb-border-radius-bottom-right:0px;--awb-border-radius-bottom-left:0px;--awb-flex-wrap:wrap;\" ><div class=\"fusion-builder-row fusion-row fusion-flex-align-items-flex-start fusion-flex-content-wrap\" style=\"max-width:1216.8px;margin-left: calc(-4% \/ 2 );margin-right: calc(-4% \/ 2 );\"><div class=\"fusion-layout-column fusion_builder_column fusion-builder-column-0 fusion_builder_column_1_1 1_1 fusion-flex-column\" style=\"--awb-bg-size:cover;--awb-width-large:100%;--awb-margin-top-large:0px;--awb-spacing-right-large:1.92%;--awb-margin-bottom-large:20px;--awb-spacing-left-large:1.92%;--awb-width-medium:100%;--awb-order-medium:0;--awb-spacing-right-medium:1.92%;--awb-spacing-left-medium:1.92%;--awb-width-small:100%;--awb-order-small:0;--awb-spacing-right-small:1.92%;--awb-spacing-left-small:1.92%;\"><div class=\"fusion-column-wrapper fusion-column-has-shadow fusion-flex-justify-content-flex-start fusion-content-layout-column\"><\/div><\/div><div class=\"fusion-layout-column fusion_builder_column fusion-builder-column-1 fusion_builder_column_2_3 2_3 fusion-flex-column\" style=\"--awb-bg-size:cover;--awb-width-large:66.666666666667%;--awb-margin-top-large:0px;--awb-spacing-right-large:2.88%;--awb-margin-bottom-large:20px;--awb-spacing-left-large:2.88%;--awb-width-medium:100%;--awb-order-medium:0;--awb-spacing-right-medium:1.92%;--awb-spacing-left-medium:1.92%;--awb-width-small:100%;--awb-order-small:0;--awb-spacing-right-small:1.92%;--awb-spacing-left-small:1.92%;\"><div class=\"fusion-column-wrapper fusion-column-has-shadow fusion-flex-justify-content-flex-start fusion-content-layout-column\"><div class=\"fusion-text fusion-text-1\" style=\"--awb-font-size:var(--awb-typography2-font-size);--awb-line-height:var(--awb-typography2-line-height);--awb-letter-spacing:var(--awb-typography2-letter-spacing);--awb-text-transform:var(--awb-typography2-text-transform);--awb-text-font-family:var(--awb-typography2-font-family);--awb-text-font-weight:var(--awb-typography2-font-weight);--awb-text-font-style:var(--awb-typography2-font-style);\"><p>Hochmodernes Equipment und neue R\u00e4ume<br \/>\n<span style=\"background-color: rgba(0, 0, 0, 0);\">M\u00fcnchen Klinik Bogenhausen er\u00f6ffnet Klinikerweiterung<\/span><\/p>\n<\/div><div class=\"fusion-text fusion-text-2\" style=\"--awb-content-alignment:justify;\"><p>Die M\u00fcnchen Klinik Bogenhausen (M\u00fcK) ist mit inzwischen 1.000 Betten der gr\u00f6\u00dfte und bedeutendste Gesundheitsversorger der Landeshauptstadt M\u00fcnchen. Mit dem neuen sechsgeschossigen Erweiterungsbau, der unter anderem die modernste Transplantationsstation f\u00fcr Schwerbrandverletzte Deutschlands sowie 17 hochmoderne OP-S\u00e4le \u2013 darunter zwei Hybrid-OPs f\u00fcr robotergest\u00fctzte Eingriffe \u2013 umfasst, z\u00e4hlt die Klinik nun auch zu den modernsten Krankenh\u00e4usern des Landes. Der Neubau, der nahtlos an das bestehende Klinikgeb\u00e4ude anschlie\u00dft, wurde Mitte Mai feierlich er\u00f6ffnet. Der Umzug der internistischen Intensivstation sowie weiterer wichtiger Stationen aus den Standorten der M\u00fcnchen Klinik in das neue Geb\u00e4ude erfolgt seither \u2013 bei laufendem Betrieb. Das auf Bau, Immobilien und Infrastruktur spezialisierte Beratungsunternehmen Drees &amp; Sommer begleitete die M\u00fcnchen Klinik gGmbH bei ihrem Projekt. Mit rund 27.000 zus\u00e4tzlichen Quadratmetern bietet der Neubau ein hochmodernes Umfeld f\u00fcr eine vernetzte Medizin und Pflege interdisziplin\u00e4r und konsequent am Wohl der Patientinnen und Patienten ausgerichtet. Der Neubau setzt daf\u00fcr neue Ma\u00dfst\u00e4be in der station\u00e4ren Versorgung und Medizintechnik..<\/p>\n<\/div><\/div><\/div><div class=\"fusion-layout-column fusion_builder_column fusion-builder-column-2 fusion_builder_column_1_3 1_3 fusion-flex-column\" style=\"--awb-padding-top:105px;--awb-bg-size:cover;--awb-width-large:33.333333333333%;--awb-margin-top-large:0px;--awb-spacing-right-large:5.76%;--awb-margin-bottom-large:20px;--awb-spacing-left-large:5.76%;--awb-width-medium:100%;--awb-order-medium:0;--awb-spacing-right-medium:1.92%;--awb-spacing-left-medium:1.92%;--awb-width-small:100%;--awb-order-small:0;--awb-spacing-right-small:1.92%;--awb-spacing-left-small:1.92%;\"><div class=\"fusion-column-wrapper fusion-column-has-shadow fusion-flex-justify-content-flex-start fusion-content-layout-column\"><div class=\"fusion-image-element \" style=\"--awb-caption-title-font-family:var(--h2_typography-font-family);--awb-caption-title-font-weight:var(--h2_typography-font-weight);--awb-caption-title-font-style:var(--h2_typography-font-style);--awb-caption-title-size:var(--h2_typography-font-size);--awb-caption-title-transform:var(--h2_typography-text-transform);--awb-caption-title-line-height:var(--h2_typography-line-height);--awb-caption-title-letter-spacing:var(--h2_typography-letter-spacing);\"><span class=\" fusion-imageframe imageframe-none imageframe-1 hover-type-zoomin\"><a href=\"https:\/\/architektur-news.de\/wp-content\/uploads\/2025\/07\/\u00a9-Muenchen-Klinik-1024x767.jpg\" class=\"fusion-lightbox\" data-rel=\"iLightbox[4655f938055aed4fd2b]\" data-caption=\"Modernste Medizin trifft auf optimale Gegebenheiten: Der neue Erweiterungsbau des Klinikums Bogenhausen setzt auf 27.000 Quadratmetern neue Ma\u00dfst\u00e4be in der Patientenversorgung - mit 17 OP-S\u00e4len, einem Hubschrauberlandeplatz, einer hochspezialisierten Intensivstation und der modernsten Transplantationsstation Deutschlands. \/ Weiterer Text \u00fcber ots und www.presseportal.de\/nr\/134210 \/ Die Verwendung dieses Bildes f\u00fcr redaktionelle Zwecke ist unter Beachtung aller mitgeteilten Nutzungsbedingungen zul\u00e4ssig und dann auch honorarfrei. Ver\u00f6ffentlichung ausschlie\u00dflich mit Bildrechte-Hinweis.\" data-title=\"1.000 Betten, 17 OP-S\u00e4le und zwei Roboter: M\u00fcnchen Klinik Bogenhausen er\u00f6ffnet hochmoderne Klinikerweiterung\" title=\"1.000 Betten, 17 OP-S\u00e4le und zwei Roboter: M\u00fcnchen Klinik Bogenhausen er\u00f6ffnet hochmoderne Klinikerweiterung\"><img decoding=\"async\" width=\"1024\" height=\"767\" src=\"https:\/\/architektur-news.de\/wp-content\/uploads\/2025\/07\/\u00a9-Muenchen-Klinik.jpg\" data-orig-src=\"https:\/\/architektur-news.de\/wp-content\/uploads\/2025\/07\/\u00a9-Muenchen-Klinik-1024x767.jpg\" alt class=\"lazyload img-responsive wp-image-1377\" srcset=\"data:image\/svg+xml,%3Csvg%20xmlns%3D%27http%3A%2F%2Fwww.w3.org%2F2000%2Fsvg%27%20width%3D%271200%27%20height%3D%27899%27%20viewBox%3D%270%200%201200%20899%27%3E%3Crect%20width%3D%271200%27%20height%3D%27899%27%20fill-opacity%3D%220%22%2F%3E%3C%2Fsvg%3E\" data-srcset=\"https:\/\/architektur-news.de\/wp-content\/uploads\/2025\/07\/\u00a9-Muenchen-Klinik-200x150.jpg 200w, https:\/\/architektur-news.de\/wp-content\/uploads\/2025\/07\/\u00a9-Muenchen-Klinik-400x300.jpg 400w, https:\/\/architektur-news.de\/wp-content\/uploads\/2025\/07\/\u00a9-Muenchen-Klinik-600x450.jpg 600w, https:\/\/architektur-news.de\/wp-content\/uploads\/2025\/07\/\u00a9-Muenchen-Klinik-800x599.jpg 800w, https:\/\/architektur-news.de\/wp-content\/uploads\/2025\/07\/\u00a9-Muenchen-Klinik.jpg 1200w\" data-sizes=\"auto\" data-orig-sizes=\"(max-width: 800px) 100vw, (max-width: 640px) 100vw, 400px\" \/><\/a><\/span><\/div><div class=\"fusion-text fusion-text-3\"><p style=\"font-size: 12px;\" data-fusion-font=\"true\">Foto: M\u00fcnchen Klinik<\/p>\n<\/div><\/div><\/div><\/div><\/div><div class=\"fusion-fullwidth fullwidth-box fusion-builder-row-2 fusion-flex-container nonhundred-percent-fullwidth non-hundred-percent-height-scrolling\" style=\"--awb-background-position:left top;--awb-border-sizes-top:0px;--awb-border-sizes-bottom:0px;--awb-border-sizes-left:0px;--awb-border-sizes-right:0px;--awb-border-radius-top-left:0px;--awb-border-radius-top-right:0px;--awb-border-radius-bottom-right:0px;--awb-border-radius-bottom-left:0px;--awb-padding-top:58px;--awb-padding-bottom:0px;--awb-background-color:#606060;--awb-background-image:radial-gradient(circle at right bottom, #b7b7b7 0%,#2d2d2d 100%);--awb-flex-wrap:wrap;\" ><div class=\"fusion-builder-row fusion-row fusion-flex-align-items-flex-start fusion-flex-content-wrap\" style=\"max-width:1216.8px;margin-left: calc(-4% \/ 2 );margin-right: calc(-4% \/ 2 );\"><div class=\"fusion-layout-column fusion_builder_column fusion-builder-column-3 fusion_builder_column_2_3 2_3 fusion-flex-column\" style=\"--awb-bg-blend:overlay;--awb-bg-size:cover;--awb-width-large:66.666666666667%;--awb-margin-top-large:0px;--awb-spacing-right-large:2.88%;--awb-margin-bottom-large:20px;--awb-spacing-left-large:2.88%;--awb-width-medium:100%;--awb-spacing-right-medium:1.92%;--awb-spacing-left-medium:1.92%;--awb-width-small:100%;--awb-spacing-right-small:1.92%;--awb-spacing-left-small:1.92%;\"><div class=\"fusion-column-wrapper fusion-flex-justify-content-flex-start fusion-content-layout-column\"><div class=\"fusion-text fusion-text-4\" style=\"--awb-font-size:var(--awb-typography2-font-size);--awb-line-height:var(--awb-typography2-line-height);--awb-letter-spacing:var(--awb-typography2-letter-spacing);--awb-text-transform:var(--awb-typography2-text-transform);--awb-text-font-family:var(--awb-typography2-font-family);--awb-text-font-weight:var(--awb-typography2-font-weight);--awb-text-font-style:var(--awb-typography2-font-style);\"><p style=\"color: rgb(255, 255, 255);\">Mehr Licht, mehr Raum, mehr M\u00f6glichkeiten<\/p>\n<\/div><div class=\"fusion-text fusion-text-5\"><\/div><div class=\"fusion-text fusion-text-6\" style=\"--awb-content-alignment:justify;\"><p style=\"color: rgb(255, 255, 255);\">Von dem technologischen Fundament profitiert nun auch der Klinikbetrieb in vollem Umfang: Mit dem neuen Erweiterungsbau gewinnt das Klinikum Bogenhausen nicht nur deutlich an Raum, sondern auch an medizinischem Fortschritt. Herzst\u00fcck des Neubaus ist ein hochmoderner Operationsbereich mit insgesamt 17 OP-S\u00e4len, darunter zwei Hybrid-OPs, in denen k\u00fcnftig auch zwei Roboter eingesetzt werden. Ein besonderes Highlight: \u201eAlle OP-S\u00e4le verf\u00fcgen \u00fcber Tageslicht. Es ist etwas v\u00f6llig anderes, ob man stundenlang unter k\u00fcnstlicher Beleuchtung arbeitet oder bei nat\u00fcrlichem Licht mit Blick ins Gr\u00fcne operiert&#8220;, so Dr. G\u00f6tz Brodermann, Vorsitz der Gesch\u00e4ftsf\u00fchrung der M\u00fcnchen Klinik. Auch die Notfallversorgung wurde deutlich gest\u00e4rkt: Ein Hubschrauberlandeplatz auf dem Dach erm\u00f6glicht die direkte Aufnahme von schwer verletzten oder kritisch erkrankten Patientinnen und Patienten. Ein Express-Aufzug transportiert sie ohne Umwege und Zeitverlust unmittelbar in den OP-Trakt. M\u00fcssen Patientinnen oder Patienten direkt auf die Intensivstation, steht im Neubau ein erweiterter Bereich \u00fcber zwei Etagen zur Verf\u00fcgung. Neben einer erh\u00f6hten Bettenkapazit\u00e4t sorgt eine innovative Lichttechnik in diesem Bereich daf\u00fcr, das Risiko postoperativer Delirien deutlich zu reduzieren. Au\u00dferdem beherbergt der Neubau die modernste Transplantationsstation f\u00fcr Schwerbrandverletzte Deutschlands. Acht Zimmer sind klimatisch vollst\u00e4ndig von der Au\u00dfenwelt abgeschirmt, wobei Temperatur und Raumluft so reguliert werden, dass transplantierte Patientinnen und Patienten optimal gesch\u00fctzt sind. Im zweiten Untergeschoss rundet eine leistungsf\u00e4hige Sterilisationsabteilung das Versorgungskonzept ab. Voraussichtlich bis Mitte Juli wird der Erweiterungsbau vollst\u00e4ndig in Betrieb genommen sein.<\/p>\n<\/div><div class=\"fusion-separator fusion-full-width-sep\" style=\"align-self: center;margin-left: auto;margin-right: auto;margin-top:20px;width:100%;\"><\/div><\/div><\/div><\/div><\/div><\/p>\n","protected":false},"excerpt":{"rendered":"","protected":false},"author":1,"featured_media":0,"parent":0,"menu_order":6,"comment_status":"closed","ping_status":"open","template":"100-width.php","meta":{"footnotes":""},"class_list":["post-11","page","type-page","status-publish","hentry"],"_links":{"self":[{"href":"https:\/\/architektur-news.de\/index.php\/wp-json\/wp\/v2\/pages\/11","targetHints":{"allow":["GET"]}}],"collection":[{"href":"https:\/\/architektur-news.de\/index.php\/wp-json\/wp\/v2\/pages"}],"about":[{"href":"https:\/\/architektur-news.de\/index.php\/wp-json\/wp\/v2\/types\/page"}],"author":[{"embeddable":true,"href":"https:\/\/architektur-news.de\/index.php\/wp-json\/wp\/v2\/users\/1"}],"replies":[{"embeddable":true,"href":"https:\/\/architektur-news.de\/index.php\/wp-json\/wp\/v2\/comments?post=11"}],"version-history":[{"count":34,"href":"https:\/\/architektur-news.de\/index.php\/wp-json\/wp\/v2\/pages\/11\/revisions"}],"predecessor-version":[{"id":3050,"href":"https:\/\/architektur-news.de\/index.php\/wp-json\/wp\/v2\/pages\/11\/revisions\/3050"}],"wp:attachment":[{"href":"https:\/\/architektur-news.de\/index.php\/wp-json\/wp\/v2\/media?parent=11"}],"curies":[{"name":"wp","href":"https:\/\/api.w.org\/{rel}","templated":true}]}}